{"id":14,"date":"2025-03-30T08:47:33","date_gmt":"2025-03-30T08:47:33","guid":{"rendered":"http:\/\/rolandfeuerwehr.de\/?page_id=14"},"modified":"2025-03-30T12:05:10","modified_gmt":"2025-03-30T12:05:10","slug":"die-wehr","status":"publish","type":"page","link":"https:\/\/rolandfeuerwehr.de\/?page_id=14","title":{"rendered":"Die Wehr"},"content":{"rendered":"\n<h1 class=\"wp-block-heading\">Freiwillige Feuerwehr Bad Bramstedt<\/h1>\n\n\n\n<p>Bei der Feuerwehr Bad Bramstedt handelt es sich um eine&nbsp;<strong>Freiwillige Feuerwehr<\/strong>&nbsp;mit knapp 100 Mitgliedern, welche in der Regel keine Angestellten sondern ehrenamtliche Helfer sind. Daher bekommen sie f\u00fcr ihre Leistung kein Endgelt. Eine Ausnahme stellen die Ger\u00e4tewarte dar.<\/p>\n\n\n\n<p><br>Unsere Kameraden sind&nbsp;<strong>24h am Tag f\u00fcr Ihre Sicherheit<\/strong>&nbsp;einsatzbereit. Das hei\u00dft jedoch nicht, dass die Wache dauerhaft besetzt ist. Lediglich zu Aus- und Weiterbildungen oder sonstigen Terminen befindet sich Personal vor Ort. Feste \u00d6ffnungzeiten gibt es nicht.<\/p>\n\n\n\n<h2 class=\"wp-block-heading\"><strong>Die Aufgaben der Freiwilligen Feuerwehr: Retten &#8211; L\u00f6schen &#8211; Bergen &#8211; Sch\u00fctzen<\/strong><\/h2>\n\n\n<h2><span class=\"non-animated-text before-text\">Before <\/span><span class=\"text-content\"><span class=\"text-wrapper\"><span class=\"letter\">Retten<\/span><\/span><span class=\"highlighted\"><\/span><\/span><span class=\"non-animated-text after-text\"> After<\/span><\/h2>\n\n\n<p>Bei Br\u00e4nden, Verkehrsunf\u00e4llen, \u00dcberschwemmungen oder anderen Katastrophen gilt es zuerst Lebensgefahr zu bannen. Dazu geh\u00f6ren zum Beispiel das Absichern einer Unfallstelle, das Befreien aus einer Zwangslage und Erste-Hilfe-Ma\u00dfnahmen.<\/p>\n\n\n<h2><span class=\"non-animated-text before-text\">Before <\/span><span class=\"text-content\"><span class=\"text-wrapper\"><span class=\"letter\">L\u00f6schen<\/span><\/span><span class=\"highlighted\"><\/span><\/span><span class=\"non-animated-text after-text\"> After<\/span><\/h2>\n\n\n<p>Diese \u00e4lteste Aufgabe der Feuerwehr hei\u00dft im Fachjargon &#8222;abwehrender Brandschutz&#8220;.<\/p>\n\n\n<h2><span class=\"non-animated-text before-text\">Before <\/span><span class=\"text-content\"><span class=\"text-wrapper\"><span class=\"letter\">Bergen<\/span><\/span><span class=\"highlighted\"><\/span><\/span><span class=\"non-animated-text after-text\"> After<\/span><\/h2>\n\n\n<p>Nach Unf\u00e4llen und Katastrophen muss die Feuerwehr Fahrzeuge, Sachg\u00fcter, Tiere oder tote Menschen bergen. Nach Unwettern z\u00e4hlt auch die R\u00e4umung der Stra\u00dfen von umgest\u00fcrzten B\u00e4umen oder das Auspumpen von Kellern zu ihren Aufgaben. Manchmal \u00fcben sich die Retter auch im Einfangen entlaufener oder entflogener Tiere.<\/p>\n\n\n<h2><span class=\"non-animated-text before-text\">Before <\/span><span class=\"text-content\"><span class=\"text-wrapper\"><span class=\"letter\">Sch\u00fctzen<\/span><\/span><span class=\"highlighted\"><\/span><\/span><span class=\"non-animated-text after-text\"> After<\/span><\/h2>\n\n\n<p>In die Verhinderung von Notf\u00e4llen investiert die Feuerwehr ebenfalls viel Zeit und Arbeit. Zum Beispiel<\/p>\n\n\n\n<ul class=\"wp-block-list\">\n<li>stellt sie Brandsicherheitswachen bei \u00f6ffentlichen Veranstaltungen auf<\/li>\n\n\n\n<li>kontrolliert und wartet sie Brandmelder und Warnsysteme, Hydranten und L\u00f6scheinrichtungen<\/li>\n\n\n\n<li>ber\u00e4t sie Industrie und Gewerbe bei der Aufstellung von Alarmpl\u00e4nen und anderen Brandschutzma\u00dfnahmen<\/li>\n\n\n\n<li>erteilt sie Unterricht zum Thema Brandschutzerziehung in Schulen und Kinderg\u00e4rten<\/li>\n\n\n\n<li>betreibt sie aktiven Umweltschutz durch die Eind\u00e4mmung von Gefahren nach Unf\u00e4llen mit \u00d6l oder anderen chemischen, biologischen oder atomaren Gefahren<\/li>\n<\/ul>\n","protected":false},"excerpt":{"rendered":"<p>Freiwillige Feuerwehr Bad Bramstedt Bei der Feuerwehr Bad Bramstedt handelt es sich um eine&nbsp;Freiwillige Feuerwehr&nbsp;mit knapp 100 Mitgliedern, welche in [&hellip;]<\/p>\n","protected":false},"author":1,"featured_media":0,"parent":0,"menu_order":0,"comment_status":"closed","ping_status":"closed","template":"","meta":{"site-sidebar-layout":"default","site-content-layout":"","ast-site-content-layout":"","site-content-style":"default","site-sidebar-style":"default","ast-global-header-display":"","ast-banner-title-visibility":"","ast-main-header-display":"","ast-hfb-above-header-display":"","ast-hfb-below-header-display":"","ast-hfb-mobile-header-display":"","site-post-title":"disabled","ast-breadcrumbs-content":"","ast-featured-img":"","footer-sml-layout":"","theme-transparent-header-meta":"","adv-header-id-meta":"","stick-header-meta":"","header-above-stick-meta":"","header-main-stick-meta":"","header-below-stick-meta":"","astra-migrate-meta-layouts":"default","ast-page-background-enabled":"default","ast-page-background-meta":{"desktop":{"background-color":"var(--ast-global-color-5)","background-image":"","background-repeat":"repeat","background-position":"center center","background-size":"auto","background-attachment":"scroll","background-type":"","background-media":"","overlay-type":"","overlay-color":"","overlay-opacity":"","overlay-gradient":""},"tablet":{"background-color":"","background-image":"","background-repeat":"repeat","background-position":"center center","background-size":"auto","background-attachment":"scroll","background-type":"","background-media":"","overlay-type":"","overlay-color":"","overlay-opacity":"","overlay-gradient":""},"mobile":{"background-color":"","background-image":"","background-repeat":"repeat","background-position":"center center","background-size":"auto","background-attachment":"scroll","background-type":"","background-media":"","overlay-type":"","overlay-color":"","overlay-opacity":"","overlay-gradient":""}},"ast-content-background-meta":{"desktop":{"background-color":"var(--ast-global-color-4)","background-image":"","background-repeat":"repeat","background-position":"center center","background-size":"auto","background-attachment":"scroll","background-type":"","background-media":"","overlay-type":"","overlay-color":"","overlay-opacity":"","overlay-gradient":""},"tablet":{"background-color":"var(--ast-global-color-4)","background-image":"","background-repeat":"repeat","background-position":"center center","background-size":"auto","background-attachment":"scroll","background-type":"","background-media":"","overlay-type":"","overlay-color":"","overlay-opacity":"","overlay-gradient":""},"mobile":{"background-color":"var(--ast-global-color-4)","background-image":"","background-repeat":"repeat","background-position":"center center","background-size":"auto","background-attachment":"scroll","background-type":"","background-media":"","overlay-type":"","overlay-color":"","overlay-opacity":"","overlay-gradient":""}},"footnotes":""},"class_list":["post-14","page","type-page","status-publish","hentry"],"_links":{"self":[{"href":"https:\/\/rolandfeuerwehr.de\/index.php?rest_route=\/wp\/v2\/pages\/14","targetHints":{"allow":["GET"]}}],"collection":[{"href":"https:\/\/rolandfeuerwehr.de\/index.php?rest_route=\/wp\/v2\/pages"}],"about":[{"href":"https:\/\/rolandfeuerwehr.de\/index.php?rest_route=\/wp\/v2\/types\/page"}],"author":[{"embeddable":true,"href":"https:\/\/rolandfeuerwehr.de\/index.php?rest_route=\/wp\/v2\/users\/1"}],"replies":[{"embeddable":true,"href":"https:\/\/rolandfeuerwehr.de\/index.php?rest_route=%2Fwp%2Fv2%2Fcomments&post=14"}],"version-history":[{"count":11,"href":"https:\/\/rolandfeuerwehr.de\/index.php?rest_route=\/wp\/v2\/pages\/14\/revisions"}],"predecessor-version":[{"id":72,"href":"https:\/\/rolandfeuerwehr.de\/index.php?rest_route=\/wp\/v2\/pages\/14\/revisions\/72"}],"wp:attachment":[{"href":"https:\/\/rolandfeuerwehr.de\/index.php?rest_route=%2Fwp%2Fv2%2Fmedia&parent=14"}],"curies":[{"name":"wp","href":"https:\/\/api.w.org\/{rel}","templated":true}]}}