{"id":18,"date":"2025-03-30T08:50:48","date_gmt":"2025-03-30T08:50:48","guid":{"rendered":"http:\/\/rolandfeuerwehr.de\/?page_id=18"},"modified":"2025-03-31T18:03:05","modified_gmt":"2025-03-31T18:03:05","slug":"jugendfeuerwehr","status":"publish","type":"page","link":"https:\/\/rolandfeuerwehr.de\/?page_id=18","title":{"rendered":"Jugendfeuerwehr"},"content":{"rendered":"\n\n\n<h2 class=\"wp-block-heading\">DAS ERWARTET DICH BEI DER JUGENDFEUERWEHR<\/h2>\n\n\n\n<p>Regelm\u00e4\u00dfige Gruppenstunden, feuerwehrtechnisches Wissen, Spa\u00df im Team, Erste Hilfe Ausbildung, Zeltlager und Ausfl\u00fcge, Pr\u00fcfungen und Wettbewerbe mit anderen Feuerwehren, Umwelt-, Werk- und Bastelaktionen und vieles mehr.<\/p>\n\n\n\n<h2 class=\"wp-block-heading\">MITMACHEN!<\/h2>\n\n\n\n<p>Auf Grund der gro\u00dfen Nachfrage und einer begrenzten Mitgliederzahl m\u00fcssen wir leider mit einer Warteliste arbeiten.<\/p>\n\n\n\n<p>Wir versuchen allerdings jedem Aufnahmegesuch gerecht zu werden und w\u00fcrden uns bei Interesse freuen von Dir\/Ihnen zu h\u00f6ren<\/p>\n\n\n\n<p>Wir bieten Ihnen die M\u00f6glichkeit ihr Kind auch schon vorzeitig f\u00fcr die Warteliste zu vermerken. Bitte f\u00fcllen Sie dazu einfach das unten stehende pdf Formular aus und reichen es uns rein.<\/p>\n\n\n\n<p><\/p>\n","protected":false},"excerpt":{"rendered":"<p>DAS ERWARTET DICH BEI DER JUGENDFEUERWEHR Regelm\u00e4\u00dfige Gruppenstunden, feuerwehrtechnisches Wissen, Spa\u00df im Team, Erste Hilfe Ausbildung, Zeltlager und Ausfl\u00fcge, Pr\u00fcfungen [&hellip;]<\/p>\n","protected":false},"author":1,"featured_media":0,"parent":0,"menu_order":0,"comment_status":"closed","ping_status":"closed","template":"","meta":{"site-sidebar-layout":"default","site-content-layout":"","ast-site-content-layout":"default","site-content-style":"default","site-sidebar-style":"default","ast-global-header-display":"","ast-banner-title-visibility":"","ast-main-header-display":"","ast-hfb-above-header-display":"","ast-hfb-below-header-display":"","ast-hfb-mobile-header-display":"","site-post-title":"","ast-breadcrumbs-content":"","ast-featured-img":"","footer-sml-layout":"","theme-transparent-header-meta":"","adv-header-id-meta":"","stick-header-meta":"","header-above-stick-meta":"","header-main-stick-meta":"","header-below-stick-meta":"","astra-migrate-meta-layouts":"default","ast-page-background-enabled":"default","ast-page-background-meta":{"desktop":{"background-color":"var(--ast-global-color-5)","background-image":"","background-repeat":"repeat","background-position":"center center","background-size":"auto","background-attachment":"scroll","background-type":"","background-media":"","overlay-type":"","overlay-color":"","overlay-opacity":"","overlay-gradient":""},"tablet":{"background-color":"","background-image":"","background-repeat":"repeat","background-position":"center center","background-size":"auto","background-attachment":"scroll","background-type":"","background-media":"","overlay-type":"","overlay-color":"","overlay-opacity":"","overlay-gradient":""},"mobile":{"background-color":"","background-image":"","background-repeat":"repeat","background-position":"center center","background-size":"auto","background-attachment":"scroll","background-type":"","background-media":"","overlay-type":"","overlay-color":"","overlay-opacity":"","overlay-gradient":""}},"ast-content-background-meta":{"desktop":{"background-color":"var(--ast-global-color-4)","background-image":"","background-repeat":"repeat","background-position":"center center","background-size":"auto","background-attachment":"scroll","background-type":"","background-media":"","overlay-type":"","overlay-color":"","overlay-opacity":"","overlay-gradient":""},"tablet":{"background-color":"var(--ast-global-color-4)","background-image":"","background-repeat":"repeat","background-position":"center center","background-size":"auto","background-attachment":"scroll","background-type":"","background-media":"","overlay-type":"","overlay-color":"","overlay-opacity":"","overlay-gradient":""},"mobile":{"background-color":"var(--ast-global-color-4)","background-image":"","background-repeat":"repeat","background-position":"center center","background-size":"auto","background-attachment":"scroll","background-type":"","background-media":"","overlay-type":"","overlay-color":"","overlay-opacity":"","overlay-gradient":""}},"footnotes":""},"class_list":["post-18","page","type-page","status-publish","hentry"],"_links":{"self":[{"href":"https:\/\/rolandfeuerwehr.de\/index.php?rest_route=\/wp\/v2\/pages\/18","targetHints":{"allow":["GET"]}}],"collection":[{"href":"https:\/\/rolandfeuerwehr.de\/index.php?rest_route=\/wp\/v2\/pages"}],"about":[{"href":"https:\/\/rolandfeuerwehr.de\/index.php?rest_route=\/wp\/v2\/types\/page"}],"author":[{"embeddable":true,"href":"https:\/\/rolandfeuerwehr.de\/index.php?rest_route=\/wp\/v2\/users\/1"}],"replies":[{"embeddable":true,"href":"https:\/\/rolandfeuerwehr.de\/index.php?rest_route=%2Fwp%2Fv2%2Fcomments&post=18"}],"version-history":[{"count":4,"href":"https:\/\/rolandfeuerwehr.de\/index.php?rest_route=\/wp\/v2\/pages\/18\/revisions"}],"predecessor-version":[{"id":175,"href":"https:\/\/rolandfeuerwehr.de\/index.php?rest_route=\/wp\/v2\/pages\/18\/revisions\/175"}],"wp:attachment":[{"href":"https:\/\/rolandfeuerwehr.de\/index.php?rest_route=%2Fwp%2Fv2%2Fmedia&parent=18"}],"curies":[{"name":"wp","href":"https:\/\/api.w.org\/{rel}","templated":true}]}}