{"id":249,"date":"2025-04-05T08:33:51","date_gmt":"2025-04-05T08:33:51","guid":{"rendered":"http:\/\/rolandfeuerwehr.de\/?page_id=249"},"modified":"2025-04-05T08:33:51","modified_gmt":"2025-04-05T08:33:51","slug":"impressum","status":"publish","type":"page","link":"https:\/\/rolandfeuerwehr.de\/?page_id=249","title":{"rendered":"Impressum"},"content":{"rendered":"\n<p>Verantwortung und Copyright f\u00fcr Inhalt und Gestaltung der Homepage www.rolandfeuerwehr.de (Freiwillige Feuerwehr Bad Bramstedt) obliegt:<\/p>\n\n\n\n<p><br>Freiwillige Feuerwehr Bad Bramstedt<br>Gemeindewehrf\u00fchrung<br>Wehrf\u00fchrer Kai Harms<br>Gl\u00fcckst\u00e4dter Stra\u00dfe 11<br>24576 Bad Bramstedt<br>&nbsp;<br>Telefon: 0 41 92 \/ 16 04<br>Telefax: 0 41 92 \/ 20 17 38<br>eMail:&nbsp;gwf(at)rolandfeuerwehr.de<\/p>\n\n\n\n<p><br><strong>Das Feuerwehrhaus Bad Bramstedt ist NICHT durchgehend besetzt!<br>Im Notfall w\u00e4hlen Sie die Notrufnummer 112.<\/strong><\/p>\n\n\n\n<p><\/p>\n","protected":false},"excerpt":{"rendered":"<p>Verantwortung und Copyright f\u00fcr Inhalt und Gestaltung der Homepage www.rolandfeuerwehr.de (Freiwillige Feuerwehr Bad Bramstedt) obliegt: Freiwillige Feuerwehr Bad BramstedtGemeindewehrf\u00fchrungWehrf\u00fchrer Kai [&hellip;]<\/p>\n","protected":false},"author":1,"featured_media":0,"parent":0,"menu_order":0,"comment_status":"closed","ping_status":"closed","template":"","meta":{"site-sidebar-layout":"default","site-content-layout":"","ast-site-content-layout":"default","site-content-style":"default","site-sidebar-style":"default","ast-global-header-display":"","ast-banner-title-visibility":"","ast-main-header-display":"","ast-hfb-above-header-display":"","ast-hfb-below-header-display":"","ast-hfb-mobile-header-display":"","site-post-title":"","ast-breadcrumbs-content":"","ast-featured-img":"","footer-sml-layout":"","theme-transparent-header-meta":"","adv-header-id-meta":"","stick-header-meta":"","header-above-stick-meta":"","header-main-stick-meta":"","header-below-stick-meta":"","astra-migrate-meta-layouts":"default","ast-page-background-enabled":"default","ast-page-background-meta":{"desktop":{"background-color":"var(--ast-global-color-5)","background-image":"","background-repeat":"repeat","background-position":"center center","background-size":"auto","background-attachment":"scroll","background-type":"","background-media":"","overlay-type":"","overlay-color":"","overlay-opacity":"","overlay-gradient":""},"tablet":{"background-color":"","background-image":"","background-repeat":"repeat","background-position":"center center","background-size":"auto","background-attachment":"scroll","background-type":"","background-media":"","overlay-type":"","overlay-color":"","overlay-opacity":"","overlay-gradient":""},"mobile":{"background-color":"","background-image":"","background-repeat":"repeat","background-position":"center center","background-size":"auto","background-attachment":"scroll","background-type":"","background-media":"","overlay-type":"","overlay-color":"","overlay-opacity":"","overlay-gradient":""}},"ast-content-background-meta":{"desktop":{"background-color":"var(--ast-global-color-4)","background-image":"","background-repeat":"repeat","background-position":"center center","background-size":"auto","background-attachment":"scroll","background-type":"","background-media":"","overlay-type":"","overlay-color":"","overlay-opacity":"","overlay-gradient":""},"tablet":{"background-color":"var(--ast-global-color-4)","background-image":"","background-repeat":"repeat","background-position":"center center","background-size":"auto","background-attachment":"scroll","background-type":"","background-media":"","overlay-type":"","overlay-color":"","overlay-opacity":"","overlay-gradient":""},"mobile":{"background-color":"var(--ast-global-color-4)","background-image":"","background-repeat":"repeat","background-position":"center center","background-size":"auto","background-attachment":"scroll","background-type":"","background-media":"","overlay-type":"","overlay-color":"","overlay-opacity":"","overlay-gradient":""}},"footnotes":""},"class_list":["post-249","page","type-page","status-publish","hentry"],"_links":{"self":[{"href":"https:\/\/rolandfeuerwehr.de\/index.php?rest_route=\/wp\/v2\/pages\/249","targetHints":{"allow":["GET"]}}],"collection":[{"href":"https:\/\/rolandfeuerwehr.de\/index.php?rest_route=\/wp\/v2\/pages"}],"about":[{"href":"https:\/\/rolandfeuerwehr.de\/index.php?rest_route=\/wp\/v2\/types\/page"}],"author":[{"embeddable":true,"href":"https:\/\/rolandfeuerwehr.de\/index.php?rest_route=\/wp\/v2\/users\/1"}],"replies":[{"embeddable":true,"href":"https:\/\/rolandfeuerwehr.de\/index.php?rest_route=%2Fwp%2Fv2%2Fcomments&post=249"}],"version-history":[{"count":2,"href":"https:\/\/rolandfeuerwehr.de\/index.php?rest_route=\/wp\/v2\/pages\/249\/revisions"}],"predecessor-version":[{"id":251,"href":"https:\/\/rolandfeuerwehr.de\/index.php?rest_route=\/wp\/v2\/pages\/249\/revisions\/251"}],"wp:attachment":[{"href":"https:\/\/rolandfeuerwehr.de\/index.php?rest_route=%2Fwp%2Fv2%2Fmedia&parent=249"}],"curies":[{"name":"wp","href":"https:\/\/api.w.org\/{rel}","templated":true}]}}